{"id":1554,"date":"2025-12-02T11:23:24","date_gmt":"2025-12-02T09:23:24","guid":{"rendered":"https:\/\/brestinsoumise.fr\/index.php\/lhopital-public-un-bien-commun-a-preserver\/"},"modified":"2026-02-17T21:45:27","modified_gmt":"2026-02-17T19:45:27","slug":"lhopital-public-un-bien-commun-a-preserver","status":"publish","type":"page","link":"https:\/\/brestinsoumise.fr\/index.php\/lhopital-public-un-bien-commun-a-preserver\/","title":{"rendered":"L\u2019h\u00f4pital public, un bien commun \u00e0 pr\u00e9server"},"content":{"rendered":"","protected":false},"excerpt":{"rendered":"","protected":false},"author":6,"featured_media":0,"parent":0,"menu_order":0,"comment_status":"closed","ping_status":"closed","template":"full-width","meta":{"saved_in_kubio":true,"footnotes":""},"class_list":["post-1554","page","type-page","status-publish","hentry"],"kubio_ai_page_context":{"short_desc":"","purpose":"general"},"_links":{"self":[{"href":"https:\/\/brestinsoumise.fr\/index.php\/wp-json\/wp\/v2\/pages\/1554","targetHints":{"allow":["GET"]}}],"collection":[{"href":"https:\/\/brestinsoumise.fr\/index.php\/wp-json\/wp\/v2\/pages"}],"about":[{"href":"https:\/\/brestinsoumise.fr\/index.php\/wp-json\/wp\/v2\/types\/page"}],"author":[{"embeddable":true,"href":"https:\/\/brestinsoumise.fr\/index.php\/wp-json\/wp\/v2\/users\/6"}],"replies":[{"embeddable":true,"href":"https:\/\/brestinsoumise.fr\/index.php\/wp-json\/wp\/v2\/comments?post=1554"}],"version-history":[{"count":12,"href":"https:\/\/brestinsoumise.fr\/index.php\/wp-json\/wp\/v2\/pages\/1554\/revisions"}],"predecessor-version":[{"id":2572,"href":"https:\/\/brestinsoumise.fr\/index.php\/wp-json\/wp\/v2\/pages\/1554\/revisions\/2572"}],"wp:attachment":[{"href":"https:\/\/brestinsoumise.fr\/index.php\/wp-json\/wp\/v2\/media?parent=1554"}],"curies":[{"name":"wp","href":"https:\/\/api.w.org\/{rel}","templated":true}]}}