{"id":1567,"date":"2025-12-02T13:42:05","date_gmt":"2025-12-02T11:42:05","guid":{"rendered":"https:\/\/brestinsoumise.fr\/index.php\/ciaran-darragh-ces-tempetes-qui-pesent-sur-les-paysans-et-les-habitants\/"},"modified":"2026-02-17T21:46:09","modified_gmt":"2026-02-17T19:46:09","slug":"ciaran-darragh-ces-tempetes-qui-pesent-sur-les-paysans-et-les-habitants","status":"publish","type":"page","link":"https:\/\/brestinsoumise.fr\/index.php\/ciaran-darragh-ces-tempetes-qui-pesent-sur-les-paysans-et-les-habitants\/","title":{"rendered":"Ciar\u00e1n, Darragh, ces temp\u00eates qui p\u00e8sent sur les paysans et les habitants"},"content":{"rendered":"","protected":false},"excerpt":{"rendered":"","protected":false},"author":6,"featured_media":0,"parent":0,"menu_order":0,"comment_status":"closed","ping_status":"closed","template":"full-width","meta":{"saved_in_kubio":true,"footnotes":""},"class_list":["post-1567","page","type-page","status-publish","hentry"],"kubio_ai_page_context":{"short_desc":"","purpose":"general"},"_links":{"self":[{"href":"https:\/\/brestinsoumise.fr\/index.php\/wp-json\/wp\/v2\/pages\/1567","targetHints":{"allow":["GET"]}}],"collection":[{"href":"https:\/\/brestinsoumise.fr\/index.php\/wp-json\/wp\/v2\/pages"}],"about":[{"href":"https:\/\/brestinsoumise.fr\/index.php\/wp-json\/wp\/v2\/types\/page"}],"author":[{"embeddable":true,"href":"https:\/\/brestinsoumise.fr\/index.php\/wp-json\/wp\/v2\/users\/6"}],"replies":[{"embeddable":true,"href":"https:\/\/brestinsoumise.fr\/index.php\/wp-json\/wp\/v2\/comments?post=1567"}],"version-history":[{"count":15,"href":"https:\/\/brestinsoumise.fr\/index.php\/wp-json\/wp\/v2\/pages\/1567\/revisions"}],"predecessor-version":[{"id":2573,"href":"https:\/\/brestinsoumise.fr\/index.php\/wp-json\/wp\/v2\/pages\/1567\/revisions\/2573"}],"wp:attachment":[{"href":"https:\/\/brestinsoumise.fr\/index.php\/wp-json\/wp\/v2\/media?parent=1567"}],"curies":[{"name":"wp","href":"https:\/\/api.w.org\/{rel}","templated":true}]}}