{"id":2891,"date":"2026-02-25T20:47:11","date_gmt":"2026-02-25T18:47:11","guid":{"rendered":"https:\/\/brestinsoumise.fr\/index.php\/programme-pour-un-numerique-au-service-des-humains-et-de-linteret-general\/"},"modified":"2026-03-02T18:05:15","modified_gmt":"2026-03-02T16:05:15","slug":"programme-pour-un-numerique-au-service-des-humains-et-de-linteret-general","status":"publish","type":"page","link":"https:\/\/brestinsoumise.fr\/index.php\/programme-pour-un-numerique-au-service-des-humains-et-de-linteret-general\/","title":{"rendered":"Programme &#8211; Pour un num\u00e9rique au service des humains et de l\u2019int\u00e9r\u00eat g\u00e9n\u00e9ral"},"content":{"rendered":"","protected":false},"excerpt":{"rendered":"","protected":false},"author":6,"featured_media":0,"parent":0,"menu_order":0,"comment_status":"closed","ping_status":"closed","template":"full-width","meta":{"saved_in_kubio":true,"footnotes":""},"class_list":["post-2891","page","type-page","status-publish","hentry"],"kubio_ai_page_context":{"short_desc":"","purpose":"general"},"_links":{"self":[{"href":"https:\/\/brestinsoumise.fr\/index.php\/wp-json\/wp\/v2\/pages\/2891","targetHints":{"allow":["GET"]}}],"collection":[{"href":"https:\/\/brestinsoumise.fr\/index.php\/wp-json\/wp\/v2\/pages"}],"about":[{"href":"https:\/\/brestinsoumise.fr\/index.php\/wp-json\/wp\/v2\/types\/page"}],"author":[{"embeddable":true,"href":"https:\/\/brestinsoumise.fr\/index.php\/wp-json\/wp\/v2\/users\/6"}],"replies":[{"embeddable":true,"href":"https:\/\/brestinsoumise.fr\/index.php\/wp-json\/wp\/v2\/comments?post=2891"}],"version-history":[{"count":2,"href":"https:\/\/brestinsoumise.fr\/index.php\/wp-json\/wp\/v2\/pages\/2891\/revisions"}],"predecessor-version":[{"id":3106,"href":"https:\/\/brestinsoumise.fr\/index.php\/wp-json\/wp\/v2\/pages\/2891\/revisions\/3106"}],"wp:attachment":[{"href":"https:\/\/brestinsoumise.fr\/index.php\/wp-json\/wp\/v2\/media?parent=2891"}],"curies":[{"name":"wp","href":"https:\/\/api.w.org\/{rel}","templated":true}]}}