{"id":2893,"date":"2026-02-25T20:55:27","date_gmt":"2026-02-25T18:55:27","guid":{"rendered":"https:\/\/brestinsoumise.fr\/index.php\/programme-pour-le-soutien-a-la-jeunesse-a-la-vie-etudiante-et-a-lenseignement-superieur-et-a-la-recherche\/"},"modified":"2026-03-02T14:32:21","modified_gmt":"2026-03-02T12:32:21","slug":"programme-pour-le-soutien-a-la-jeunesse-a-la-vie-etudiante-et-a-lenseignement-superieur-et-a-la-recherche","status":"publish","type":"page","link":"https:\/\/brestinsoumise.fr\/index.php\/programme-pour-le-soutien-a-la-jeunesse-a-la-vie-etudiante-et-a-lenseignement-superieur-et-a-la-recherche\/","title":{"rendered":"Programme &#8211; Pour le soutien \u00e0 la jeunesse, \u00e0 la vie \u00e9tudiante et \u00e0 l\u2019enseignement sup\u00e9rieur et \u00e0 la recherche"},"content":{"rendered":"","protected":false},"excerpt":{"rendered":"","protected":false},"author":6,"featured_media":0,"parent":0,"menu_order":0,"comment_status":"closed","ping_status":"closed","template":"full-width","meta":{"saved_in_kubio":true,"footnotes":""},"class_list":["post-2893","page","type-page","status-publish","hentry"],"kubio_ai_page_context":{"short_desc":"","purpose":"general"},"_links":{"self":[{"href":"https:\/\/brestinsoumise.fr\/index.php\/wp-json\/wp\/v2\/pages\/2893","targetHints":{"allow":["GET"]}}],"collection":[{"href":"https:\/\/brestinsoumise.fr\/index.php\/wp-json\/wp\/v2\/pages"}],"about":[{"href":"https:\/\/brestinsoumise.fr\/index.php\/wp-json\/wp\/v2\/types\/page"}],"author":[{"embeddable":true,"href":"https:\/\/brestinsoumise.fr\/index.php\/wp-json\/wp\/v2\/users\/6"}],"replies":[{"embeddable":true,"href":"https:\/\/brestinsoumise.fr\/index.php\/wp-json\/wp\/v2\/comments?post=2893"}],"version-history":[{"count":3,"href":"https:\/\/brestinsoumise.fr\/index.php\/wp-json\/wp\/v2\/pages\/2893\/revisions"}],"predecessor-version":[{"id":3088,"href":"https:\/\/brestinsoumise.fr\/index.php\/wp-json\/wp\/v2\/pages\/2893\/revisions\/3088"}],"wp:attachment":[{"href":"https:\/\/brestinsoumise.fr\/index.php\/wp-json\/wp\/v2\/media?parent=2893"}],"curies":[{"name":"wp","href":"https:\/\/api.w.org\/{rel}","templated":true}]}}