{"id":3478,"date":"2026-04-07T00:08:50","date_gmt":"2026-04-06T22:08:50","guid":{"rendered":"https:\/\/brestinsoumise.fr\/index.php\/cp-lecole-de-la-republique-doit-etre-protegee\/"},"modified":"2026-04-07T00:09:39","modified_gmt":"2026-04-06T22:09:39","slug":"cp-lecole-de-la-republique-doit-etre-protegee","status":"publish","type":"page","link":"https:\/\/brestinsoumise.fr\/index.php\/cp-lecole-de-la-republique-doit-etre-protegee\/","title":{"rendered":"CP L\u2019\u00e9cole de la R\u00e9publique doit \u00eatre prot\u00e9g\u00e9e"},"content":{"rendered":"","protected":false},"excerpt":{"rendered":"","protected":false},"author":6,"featured_media":0,"parent":0,"menu_order":0,"comment_status":"closed","ping_status":"closed","template":"full-width","meta":{"saved_in_kubio":true,"footnotes":""},"class_list":["post-3478","page","type-page","status-publish","hentry"],"kubio_ai_page_context":{"short_desc":"","purpose":"general"},"_links":{"self":[{"href":"https:\/\/brestinsoumise.fr\/index.php\/wp-json\/wp\/v2\/pages\/3478","targetHints":{"allow":["GET"]}}],"collection":[{"href":"https:\/\/brestinsoumise.fr\/index.php\/wp-json\/wp\/v2\/pages"}],"about":[{"href":"https:\/\/brestinsoumise.fr\/index.php\/wp-json\/wp\/v2\/types\/page"}],"author":[{"embeddable":true,"href":"https:\/\/brestinsoumise.fr\/index.php\/wp-json\/wp\/v2\/users\/6"}],"replies":[{"embeddable":true,"href":"https:\/\/brestinsoumise.fr\/index.php\/wp-json\/wp\/v2\/comments?post=3478"}],"version-history":[{"count":1,"href":"https:\/\/brestinsoumise.fr\/index.php\/wp-json\/wp\/v2\/pages\/3478\/revisions"}],"predecessor-version":[{"id":3479,"href":"https:\/\/brestinsoumise.fr\/index.php\/wp-json\/wp\/v2\/pages\/3478\/revisions\/3479"}],"wp:attachment":[{"href":"https:\/\/brestinsoumise.fr\/index.php\/wp-json\/wp\/v2\/media?parent=3478"}],"curies":[{"name":"wp","href":"https:\/\/api.w.org\/{rel}","templated":true}]}}