{"id":3768,"date":"2026-04-11T14:34:52","date_gmt":"2026-04-11T12:34:52","guid":{"rendered":"https:\/\/brestinsoumise.fr\/index.php\/cp-la-presidence-de-metropole-manque-de-respect-a-lopposition-metropolitaine\/"},"modified":"2026-04-11T14:36:29","modified_gmt":"2026-04-11T12:36:29","slug":"cp-la-presidence-de-metropole-manque-de-respect-a-lopposition-metropolitaine","status":"publish","type":"page","link":"https:\/\/brestinsoumise.fr\/index.php\/cp-la-presidence-de-metropole-manque-de-respect-a-lopposition-metropolitaine\/","title":{"rendered":"CP La pr\u00e9sidence de m\u00e9tropole manque de respect \u00e0 l\u2019opposition m\u00e9tropolitaine"},"content":{"rendered":"","protected":false},"excerpt":{"rendered":"","protected":false},"author":6,"featured_media":0,"parent":0,"menu_order":0,"comment_status":"closed","ping_status":"closed","template":"full-width","meta":{"saved_in_kubio":true,"footnotes":""},"class_list":["post-3768","page","type-page","status-publish","hentry"],"kubio_ai_page_context":{"short_desc":"","purpose":"general"},"_links":{"self":[{"href":"https:\/\/brestinsoumise.fr\/index.php\/wp-json\/wp\/v2\/pages\/3768","targetHints":{"allow":["GET"]}}],"collection":[{"href":"https:\/\/brestinsoumise.fr\/index.php\/wp-json\/wp\/v2\/pages"}],"about":[{"href":"https:\/\/brestinsoumise.fr\/index.php\/wp-json\/wp\/v2\/types\/page"}],"author":[{"embeddable":true,"href":"https:\/\/brestinsoumise.fr\/index.php\/wp-json\/wp\/v2\/users\/6"}],"replies":[{"embeddable":true,"href":"https:\/\/brestinsoumise.fr\/index.php\/wp-json\/wp\/v2\/comments?post=3768"}],"version-history":[{"count":2,"href":"https:\/\/brestinsoumise.fr\/index.php\/wp-json\/wp\/v2\/pages\/3768\/revisions"}],"predecessor-version":[{"id":3770,"href":"https:\/\/brestinsoumise.fr\/index.php\/wp-json\/wp\/v2\/pages\/3768\/revisions\/3770"}],"wp:attachment":[{"href":"https:\/\/brestinsoumise.fr\/index.php\/wp-json\/wp\/v2\/media?parent=3768"}],"curies":[{"name":"wp","href":"https:\/\/api.w.org\/{rel}","templated":true}]}}