{"id":3827,"date":"2026-04-16T23:16:19","date_gmt":"2026-04-16T21:16:19","guid":{"rendered":"https:\/\/brestinsoumise.fr\/index.php\/intervention-metropole-stop-au-clientelisme-qui-entache-la-democratie\/"},"modified":"2026-04-16T23:17:56","modified_gmt":"2026-04-16T21:17:56","slug":"intervention-metropole-stop-au-clientelisme-qui-entache-la-democratie","status":"publish","type":"page","link":"https:\/\/brestinsoumise.fr\/index.php\/intervention-metropole-stop-au-clientelisme-qui-entache-la-democratie\/","title":{"rendered":"Intervention M\u00e9tropole &#8211; Stop au client\u00e9lisme qui entache la d\u00e9mocratie"},"content":{"rendered":"\n\n","protected":false},"excerpt":{"rendered":"","protected":false},"author":6,"featured_media":0,"parent":0,"menu_order":0,"comment_status":"closed","ping_status":"closed","template":"full-width","meta":{"saved_in_kubio":true,"footnotes":""},"class_list":["post-3827","page","type-page","status-publish","hentry"],"kubio_ai_page_context":{"short_desc":"","purpose":"general"},"_links":{"self":[{"href":"https:\/\/brestinsoumise.fr\/index.php\/wp-json\/wp\/v2\/pages\/3827","targetHints":{"allow":["GET"]}}],"collection":[{"href":"https:\/\/brestinsoumise.fr\/index.php\/wp-json\/wp\/v2\/pages"}],"about":[{"href":"https:\/\/brestinsoumise.fr\/index.php\/wp-json\/wp\/v2\/types\/page"}],"author":[{"embeddable":true,"href":"https:\/\/brestinsoumise.fr\/index.php\/wp-json\/wp\/v2\/users\/6"}],"replies":[{"embeddable":true,"href":"https:\/\/brestinsoumise.fr\/index.php\/wp-json\/wp\/v2\/comments?post=3827"}],"version-history":[{"count":3,"href":"https:\/\/brestinsoumise.fr\/index.php\/wp-json\/wp\/v2\/pages\/3827\/revisions"}],"predecessor-version":[{"id":3830,"href":"https:\/\/brestinsoumise.fr\/index.php\/wp-json\/wp\/v2\/pages\/3827\/revisions\/3830"}],"wp:attachment":[{"href":"https:\/\/brestinsoumise.fr\/index.php\/wp-json\/wp\/v2\/media?parent=3827"}],"curies":[{"name":"wp","href":"https:\/\/api.w.org\/{rel}","templated":true}]}}