{"id":3835,"date":"2026-04-16T23:25:01","date_gmt":"2026-04-16T21:25:01","guid":{"rendered":"https:\/\/brestinsoumise.fr\/index.php\/intervention-metropole-etre-maire-et-president-de-la-metropole-est-un-fonctionnement-du-passe\/"},"modified":"2026-04-16T23:26:55","modified_gmt":"2026-04-16T21:26:55","slug":"intervention-metropole-etre-maire-et-president-de-la-metropole-est-un-fonctionnement-du-passe","status":"publish","type":"page","link":"https:\/\/brestinsoumise.fr\/index.php\/intervention-metropole-etre-maire-et-president-de-la-metropole-est-un-fonctionnement-du-passe\/","title":{"rendered":"Intervention M\u00e9tropole &#8211; \u00catre maire et Pr\u00e9sident de la M\u00e9tropole est un fonctionnement du pass\u00e9"},"content":{"rendered":"\n\n","protected":false},"excerpt":{"rendered":"","protected":false},"author":6,"featured_media":0,"parent":0,"menu_order":0,"comment_status":"closed","ping_status":"closed","template":"full-width","meta":{"saved_in_kubio":true,"footnotes":""},"class_list":["post-3835","page","type-page","status-publish","hentry"],"kubio_ai_page_context":{"short_desc":"","purpose":"general"},"_links":{"self":[{"href":"https:\/\/brestinsoumise.fr\/index.php\/wp-json\/wp\/v2\/pages\/3835","targetHints":{"allow":["GET"]}}],"collection":[{"href":"https:\/\/brestinsoumise.fr\/index.php\/wp-json\/wp\/v2\/pages"}],"about":[{"href":"https:\/\/brestinsoumise.fr\/index.php\/wp-json\/wp\/v2\/types\/page"}],"author":[{"embeddable":true,"href":"https:\/\/brestinsoumise.fr\/index.php\/wp-json\/wp\/v2\/users\/6"}],"replies":[{"embeddable":true,"href":"https:\/\/brestinsoumise.fr\/index.php\/wp-json\/wp\/v2\/comments?post=3835"}],"version-history":[{"count":2,"href":"https:\/\/brestinsoumise.fr\/index.php\/wp-json\/wp\/v2\/pages\/3835\/revisions"}],"predecessor-version":[{"id":3837,"href":"https:\/\/brestinsoumise.fr\/index.php\/wp-json\/wp\/v2\/pages\/3835\/revisions\/3837"}],"wp:attachment":[{"href":"https:\/\/brestinsoumise.fr\/index.php\/wp-json\/wp\/v2\/media?parent=3835"}],"curies":[{"name":"wp","href":"https:\/\/api.w.org\/{rel}","templated":true}]}}